{"id":19,"date":"2022-01-19T17:13:02","date_gmt":"2022-01-19T16:13:02","guid":{"rendered":"http:\/\/latelier301.com\/?page_id=19"},"modified":"2024-02-07T10:41:30","modified_gmt":"2024-02-07T09:41:30","slug":"a-propos-de","status":"publish","type":"page","link":"https:\/\/latelier301.com\/index.php\/a-propos-de\/","title":{"rendered":"L&#8217;Atelier"},"content":{"rendered":"<div data-colibri-id=\"19-c1\" class=\"style-541 style-local-19-c1 position-relative\">\n  <!---->\n  <div data-colibri-component=\"section\" data-colibri-id=\"19-c2\" id=\"about\" class=\"h-section h-section-global-spacing d-flex align-items-lg-center align-items-md-center align-items-center style-553 style-local-19-c2 position-relative\">\n    <!---->\n    <!---->\n    <div class=\"h-section-grid-container h-section-boxed-container\">\n      <!---->\n      <div data-colibri-id=\"19-c3\" class=\"h-row-container gutters-row-lg-0 gutters-row-md-0 gutters-row-0 gutters-row-v-lg-0 gutters-row-v-md-0 gutters-row-v-0 style-554 style-local-19-c3 position-relative\">\n        <!---->\n        <div class=\"h-row justify-content-lg-center justify-content-md-center justify-content-center align-items-lg-stretch align-items-md-stretch align-items-stretch gutters-col-lg-0 gutters-col-md-0 gutters-col-0 gutters-col-v-lg-0 gutters-col-v-md-0 gutters-col-v-0\">\n          <!---->\n          <div class=\"h-column h-column-container d-flex h-col-lg-auto h-col-md-auto h-col-auto style-555-outer style-local-19-c4-outer\">\n            <div data-colibri-id=\"19-c4\" class=\"d-flex h-flex-basis h-column__inner h-px-lg-0 h-px-md-0 h-px-0 v-inner-lg-0 v-inner-md-0 v-inner-0 style-555 style-local-19-c4 position-relative\">\n              <!---->\n              <!---->\n              <div class=\"w-100 h-y-container h-column__content h-column__v-align flex-basis-100 align-self-lg-start align-self-md-start align-self-start\">\n                <!---->\n                <div data-colibri-id=\"19-c5\" class=\"h-global-transition-all h-heading style-557 style-local-19-c5 position-relative h-element\">\n                  <!---->\n                  <div class=\"h-heading__outer style-557 style-local-19-c5\">\n                    <!---->\n                    <!---->\n                    <h2 class=\"\">Bienvenue \u00e0 <em style=\"font-family: &quot;Playfair Display&quot;;\">L&#8217;Atelier 301<\/em>, sp\u00e9cialiste de l&#8217;<em style=\"font-family: &quot;Playfair Display&quot;;\">Esth\u00e9tique Automobile <\/em><\/h2>\n                  <\/div>\n                <\/div>\n                <div data-colibri-id=\"19-c6\" class=\"h-text h-text-component style-558 style-local-19-c6 position-relative h-element\">\n                  <!---->\n                  <!---->\n                  <div class=\"\">\n                    <p>Passionn\u00e9 de belles carrosseries et de m\u00e9canique depuis son plus jeune \u00e2ge, c\u2019est tout naturellement que S\u00e9bastien ouvre L\u2019Atelier 301 \u00e0 l\u2019automne 2022, apr\u00e8s une carri\u00e8re de plus de 20 ans dans le monde du transport.<\/p>\n                    <p>Aujourd&#8217;hui, apr\u00e8s une formation chez Detailing Shine, r\u00e9f\u00e9rence dans le domaine, S\u00e9bastien est certifi\u00e9 expert en c\u00e9ramique et fait de sa passion son m\u00e9tier.&nbsp;<\/p>\n                    <p>Son savoir-faire, son souhait du d\u00e9tail et du travail bien fait sont mis au service de tous ceux qui souhaite embellir et prendre soin de leurs v\u00e9hicules.<\/p>\n                  <\/div>\n                <\/div>\n              <\/div>\n            <\/div>\n          <\/div>\n          <div class=\"h-column h-column-container d-flex h-col-lg-auto h-col-md-auto h-col-auto style-559-outer style-local-19-c7-outer\">\n            <div data-colibri-id=\"19-c7\" class=\"d-flex h-flex-basis h-column__inner h-ui-empty-state-container h-px-lg-2 h-px-md-2 h-px-2 v-inner-lg-2 v-inner-md-2 v-inner-2 style-559 style-local-19-c7 position-relative\">\n              <!---->\n              <!---->\n              <div class=\"w-100 h-y-container h-column__content h-column__v-align flex-basis-100\">\n                <!---->\n              <\/div>\n            <\/div>\n          <\/div>\n        <\/div>\n      <\/div>\n    <\/div>\n  <\/div>\n  <div data-colibri-component=\"section\" data-colibri-id=\"19-c8\" id=\"about-2\" class=\"h-section h-section-global-spacing d-flex align-items-lg-center align-items-md-center align-items-center style-560 style-local-19-c8 position-relative\">\n    <!---->\n    <!---->\n    <div class=\"h-section-grid-container h-section-boxed-container\">\n      <!---->\n      <div data-colibri-id=\"19-c9\" class=\"h-row-container gutters-row-lg-0 gutters-row-md-0 gutters-row-0 gutters-row-v-lg-0 gutters-row-v-md-0 gutters-row-v-0 style-561 style-local-19-c9 position-relative\">\n        <!---->\n        <div class=\"h-row justify-content-lg-center justify-content-md-center justify-content-center align-items-lg-stretch align-items-md-stretch align-items-stretch gutters-col-lg-0 gutters-col-md-0 gutters-col-0 gutters-col-v-lg-0 gutters-col-v-md-0 gutters-col-v-0\">\n          <!---->\n          <div class=\"h-column h-column-container d-flex h-col-lg-auto h-col-md-auto h-col-auto style-562-outer style-local-19-c10-outer\">\n            <div data-colibri-id=\"19-c10\" class=\"d-flex h-flex-basis h-column__inner h-ui-empty-state-container h-px-lg-0 h-px-md-0 h-px-0 v-inner-lg-0 v-inner-md-0 v-inner-0 style-562 style-local-19-c10 position-relative\">\n              <!---->\n              <!---->\n              <div class=\"w-100 h-y-container h-column__content h-column__v-align flex-basis-100\">\n                <!---->\n              <\/div>\n            <\/div>\n          <\/div>\n          <div class=\"h-column h-column-container d-flex h-col-lg-auto h-col-md-auto h-col-auto style-563-outer style-local-19-c11-outer\">\n            <div data-colibri-id=\"19-c11\" class=\"d-flex h-flex-basis h-column__inner h-px-lg-2 h-px-md-2 h-px-2 v-inner-lg-2 v-inner-md-2 v-inner-2 style-563 style-local-19-c11 position-relative\">\n              <!---->\n              <!---->\n              <div class=\"w-100 h-y-container h-column__content h-column__v-align flex-basis-100 align-self-lg-start align-self-md-start align-self-start\">\n                <!---->\n                <div data-colibri-id=\"19-c12\" class=\"h-text h-text-component style-566 style-local-19-c12 position-relative h-element\">\n                  <!---->\n                  <!---->\n                  <div class=\"\">\n                    <p><strong>Passionn\u00e9s de vielles voitures, oldtimer et youngtimer<\/strong>, venez redonner une seconde jeunesse \u00e0 votre belle.<\/p>\n                    <p><strong>Propri\u00e9taires de voitures de prestige<\/strong>, venez l\u2019entretenir et la prot\u00e9ger \u00e0 la hauteur de leurs exigences.<\/p>\n                    <p><strong>Conducteurs de tous les jours<\/strong>, vous souhaitez mettre en beaut\u00e9 votre voiture.<\/p>\n                    <p>Nous nous ferons un plaisir de r\u00e9pondre \u00e0 votre demande et de sublimer votre v\u00e9hicule.<\/p>\n                  <\/div>\n                <\/div>\n              <\/div>\n            <\/div>\n          <\/div>\n        <\/div>\n      <\/div>\n    <\/div>\n  <\/div>\n  <div data-colibri-component=\"section\" data-colibri-id=\"19-c13\" id=\"custom\" class=\"h-section h-section-global-spacing d-flex align-items-lg-center align-items-md-center align-items-center style-589 style-local-19-c13 position-relative\">\n    <!---->\n    <!---->\n    <div class=\"h-section-grid-container h-section-boxed-container\">\n      <!---->\n      <div data-colibri-id=\"19-c14\" class=\"h-row-container gutters-row-lg-2 gutters-row-md-2 gutters-row-0 gutters-row-v-lg-2 gutters-row-v-md-2 gutters-row-v-2 style-590 style-local-19-c14 position-relative\">\n        <!---->\n        <div class=\"h-row justify-content-lg-center justify-content-md-center justify-content-center align-items-lg-stretch align-items-md-stretch align-items-stretch gutters-col-lg-2 gutters-col-md-2 gutters-col-0 gutters-col-v-lg-2 gutters-col-v-md-2 gutters-col-v-2\">\n          <!---->\n          <div class=\"h-column h-column-container d-flex h-col-lg-auto h-col-md-auto h-col-auto style-591-outer style-local-19-c15-outer\">\n            <div data-colibri-id=\"19-c15\" class=\"d-flex h-flex-basis h-column__inner h-px-lg-2 h-px-md-2 h-px-2 v-inner-lg-2 v-inner-md-2 v-inner-2 style-591 style-local-19-c15 position-relative\">\n              <!---->\n              <!---->\n              <div class=\"w-100 h-y-container h-column__content h-column__v-align flex-basis-100 align-self-lg-start align-self-md-start align-self-start\">\n                <!---->\n                <div data-colibri-id=\"19-c16\" class=\"h-text h-text-component style-592 style-local-19-c16 position-relative h-element\">\n                  <!---->\n                  <!---->\n                  <div class=\"\">\n                    <p><strong>Un projet de vente<\/strong>&nbsp;? Nous proposons un service de car-staging, afin d\u2019optimiser ses atouts.<\/p>\n                  <\/div>\n                <\/div>\n              <\/div>\n            <\/div>\n          <\/div>\n        <\/div>\n      <\/div>\n      <div data-colibri-id=\"19-c17\" class=\"h-row-container gutters-row-lg-2 gutters-row-md-2 gutters-row-0 gutters-row-v-lg-2 gutters-row-v-md-2 gutters-row-v-2 style-606 style-local-19-c17 position-relative\">\n        <!---->\n        <div class=\"h-row justify-content-lg-center justify-content-md-center justify-content-center align-items-lg-stretch align-items-md-stretch align-items-stretch gutters-col-lg-2 gutters-col-md-2 gutters-col-0 gutters-col-v-lg-2 gutters-col-v-md-2 gutters-col-v-2\">\n          <!---->\n          <div class=\"h-column h-column-container d-flex h-col-lg-auto h-col-md-auto h-col-auto style-607-outer style-local-19-c18-outer\">\n            <div data-colibri-id=\"19-c18\" class=\"d-flex h-flex-basis h-column__inner h-px-lg-2 h-px-md-2 h-px-2 v-inner-lg-2 v-inner-md-2 v-inner-2 style-607 style-local-19-c18 position-relative\">\n              <!---->\n              <!---->\n              <div class=\"w-100 h-y-container h-column__content h-column__v-align flex-basis-100 align-self-lg-start align-self-md-start align-self-start\">\n                <!---->\n                <div data-colibri-id=\"19-c19\" class=\"d-block style-608 style-local-19-c19 position-relative h-element\">\n                  <!---->\n                  <div class=\"h-image__frame-container-outer\">\n                    <div class=\"h-image__frame-container\">\n                      <!---->\n                      <!---->\n                      <img loading=\"lazy\" width=\"2000\" height=\"1200\" src=\"http:\/\/latelier301.com\/wp-content\/uploads\/2023\/01\/porsche-grise-cote.png\" class=\"wp-image-641 style-608-image style-local-19-c19-image\" srcset=\"https:\/\/latelier301.com\/wp-content\/uploads\/2023\/01\/porsche-grise-cote.png 2000w, https:\/\/latelier301.com\/wp-content\/uploads\/2023\/01\/porsche-grise-cote-300x180.png 300w, https:\/\/latelier301.com\/wp-content\/uploads\/2023\/01\/porsche-grise-cote-1024x614.png 1024w, https:\/\/latelier301.com\/wp-content\/uploads\/2023\/01\/porsche-grise-cote-768x461.png 768w, https:\/\/latelier301.com\/wp-content\/uploads\/2023\/01\/porsche-grise-cote-1536x922.png 1536w\" sizes=\"(max-width: 2000px) 100vw, 2000px\" alt=\"\" \/>\n                      <div class=\"h-image__frame h-hide-lg h-hide-md h-hide-sm style-608-frameImage style-local-19-c19-frameImage\"><\/div>\n                    <\/div>\n                  <\/div>\n                <\/div>\n              <\/div>\n            <\/div>\n          <\/div>\n        <\/div>\n      <\/div>\n    <\/div>\n  <\/div>\n  <div data-colibri-component=\"section\" data-colibri-id=\"19-c20\" id=\"about-3\" class=\"h-section h-section-global-spacing d-flex align-items-lg-center align-items-md-center align-items-center style-596 style-local-19-c20 position-relative\">\n    <!---->\n    <!---->\n    <div class=\"h-section-grid-container h-section-boxed-container\">\n      <!---->\n      <div data-colibri-id=\"19-c21\" class=\"h-row-container gutters-row-lg-0 gutters-row-md-0 gutters-row-0 gutters-row-v-lg-0 gutters-row-v-md-0 gutters-row-v-0 style-597 style-local-19-c21 position-relative\">\n        <!---->\n        <div class=\"h-row justify-content-lg-center justify-content-md-center justify-content-center align-items-lg-stretch align-items-md-stretch align-items-stretch gutters-col-lg-0 gutters-col-md-0 gutters-col-0 gutters-col-v-lg-0 gutters-col-v-md-0 gutters-col-v-0\">\n          <!---->\n          <div class=\"h-column h-column-container d-flex h-col-lg-auto h-col-md-auto h-col-auto style-598-outer style-local-19-c22-outer\">\n            <div data-colibri-id=\"19-c22\" class=\"d-flex h-flex-basis h-column__inner h-px-lg-0 h-px-md-0 h-px-0 v-inner-lg-0 v-inner-md-0 v-inner-0 style-598 style-local-19-c22 position-relative\">\n              <!---->\n              <!---->\n              <div class=\"w-100 h-y-container h-column__content h-column__v-align flex-basis-100 align-self-lg-start align-self-md-start align-self-start\">\n                <!---->\n                <div data-colibri-id=\"19-c23\" class=\"h-text h-text-component style-601 style-local-19-c23 position-relative h-element\">\n                  <!---->\n                  <!---->\n                  <div class=\"\">\n                    <p><strong>Notre mission principale est de satisfaire nos clients.&nbsp;<\/strong><\/p>\n                    <p>Situ\u00e9 dans le Bassin Genevois (74160), nous sommes \u00e0 proximit\u00e9 imm\u00e9diate de Gen\u00e8ve, Annemasse et Annecy.<\/p>\n                  <\/div>\n                <\/div>\n              <\/div>\n            <\/div>\n          <\/div>\n          <div class=\"h-column h-column-container d-flex h-col-lg-auto h-col-md-auto h-col-auto style-602-outer style-local-19-c24-outer\">\n            <div data-colibri-id=\"19-c24\" class=\"d-flex h-flex-basis h-column__inner h-ui-empty-state-container h-px-lg-2 h-px-md-2 h-px-2 v-inner-lg-2 v-inner-md-2 v-inner-2 style-602 style-local-19-c24 position-relative\">\n              <!---->\n              <!---->\n              <div class=\"w-100 h-y-container h-column__content h-column__v-align flex-basis-100\">\n                <!---->\n              <\/div>\n            <\/div>\n          <\/div>\n        <\/div>\n      <\/div>\n      <div data-colibri-id=\"19-c25\" class=\"h-row-container gutters-row-lg-2 gutters-row-md-2 gutters-row-0 gutters-row-v-lg-2 gutters-row-v-md-2 gutters-row-v-2 style-603 style-local-19-c25 position-relative\">\n        <!---->\n        <div class=\"h-row justify-content-lg-center justify-content-md-center justify-content-center align-items-lg-stretch align-items-md-stretch align-items-stretch gutters-col-lg-2 gutters-col-md-2 gutters-col-0 gutters-col-v-lg-2 gutters-col-v-md-2 gutters-col-v-2\">\n          <!---->\n          <div class=\"h-column h-column-container d-flex h-col-lg-auto h-col-md-auto h-col-auto style-604-outer style-local-19-c26-outer\">\n            <div data-colibri-id=\"19-c26\" class=\"d-flex h-flex-basis h-column__inner h-px-lg-2 h-px-md-2 h-px-2 v-inner-lg-2 v-inner-md-2 v-inner-2 style-604 style-local-19-c26 position-relative\">\n              <!---->\n              <!---->\n              <div class=\"w-100 h-y-container h-column__content h-column__v-align flex-basis-100 align-self-lg-start align-self-md-start align-self-start\">\n                <!---->\n                <div data-colibri-id=\"19-c27\" class=\"h-global-transition-all h-heading style-605 style-local-19-c27 position-relative h-element\">\n                  <!---->\n                  <div class=\"h-heading__outer style-605 style-local-19-c27\">\n                    <!---->\n                    <!---->\n                    <h3 class=\"\">Au plaisir de vous accueillir !<\/h3>\n                  <\/div>\n                <\/div>\n              <\/div>\n            <\/div>\n          <\/div>\n        <\/div>\n      <\/div>\n    <\/div>\n  <\/div>\n<\/div>","protected":false},"excerpt":{"rendered":"<p>Bienvenue \u00e0 L&#8217;Atelier 301, sp\u00e9cialiste de l&#8217;Esth\u00e9tique Automobile Passionn\u00e9 de belles carrosseries et de m\u00e9canique depuis son plus jeune \u00e2ge, c\u2019est tout naturellement que S\u00e9bastien ouvre L\u2019Atelier 301 \u00e0 l\u2019automne 2022, apr\u00e8s une carri\u00e8re de plus de 20 ans dans le monde du transport. Aujourd&#8217;hui, apr\u00e8s une formation chez Detailing Shine, r\u00e9f\u00e9rence dans le domaine, [&hellip;]<\/p>\n","protected":false},"author":1,"featured_media":0,"parent":0,"menu_order":0,"comment_status":"closed","ping_status":"closed","template":"page-templates\/full-width-page.php","meta":[],"_links":{"self":[{"href":"https:\/\/latelier301.com\/index.php\/wp-json\/wp\/v2\/pages\/19"}],"collection":[{"href":"https:\/\/latelier301.com\/index.php\/wp-json\/wp\/v2\/pages"}],"about":[{"href":"https:\/\/latelier301.com\/index.php\/wp-json\/wp\/v2\/types\/page"}],"author":[{"embeddable":true,"href":"https:\/\/latelier301.com\/index.php\/wp-json\/wp\/v2\/users\/1"}],"replies":[{"embeddable":true,"href":"https:\/\/latelier301.com\/index.php\/wp-json\/wp\/v2\/comments?post=19"}],"version-history":[{"count":13,"href":"https:\/\/latelier301.com\/index.php\/wp-json\/wp\/v2\/pages\/19\/revisions"}],"predecessor-version":[{"id":982,"href":"https:\/\/latelier301.com\/index.php\/wp-json\/wp\/v2\/pages\/19\/revisions\/982"}],"wp:attachment":[{"href":"https:\/\/latelier301.com\/index.php\/wp-json\/wp\/v2\/media?parent=19"}],"curies":[{"name":"wp","href":"https:\/\/api.w.org\/{rel}","templated":true}]}}