{"id":40,"date":"2022-01-19T17:13:17","date_gmt":"2022-01-19T16:13:17","guid":{"rendered":"http:\/\/latelier301.com\/index.php\/teluro\/"},"modified":"2024-02-07T11:48:12","modified_gmt":"2024-02-07T10:48:12","slug":"teluro","status":"publish","type":"page","link":"https:\/\/latelier301.com\/","title":{"rendered":"Front Page"},"content":{"rendered":"<div data-colibri-id=\"40-c1\" class=\"style-194 style-local-40-c1 position-relative\">\n  <!---->\n  <div data-colibri-component=\"section\" data-colibri-id=\"40-c2\" id=\"overlappable\" class=\"h-section h-section-global-spacing d-flex align-items-lg-center align-items-md-center align-items-center style-195 style-local-40-c2 position-relative\">\n    <!---->\n    <!---->\n    <div class=\"h-section-grid-container h-section-boxed-container\">\n      <!---->\n      <div data-colibri-id=\"40-c3\" class=\"h-row-container gutters-row-lg-0 gutters-row-md-0 gutters-row-2 gutters-row-v-lg-0 gutters-row-v-md-0 gutters-row-v-2 style-196 style-local-40-c3 position-relative\">\n        <!---->\n        <div class=\"h-row justify-content-lg-center justify-content-md-center justify-content-center align-items-lg-stretch align-items-md-stretch align-items-stretch gutters-col-lg-0 gutters-col-md-0 gutters-col-2 gutters-col-v-lg-0 gutters-col-v-md-0 gutters-col-v-2\">\n          <!---->\n          <div class=\"h-column h-column-container d-flex h-col-lg-3 h-col-md-3 h-col-12 style-197-outer style-local-40-c4-outer\">\n            <div data-colibri-id=\"40-c4\" class=\"d-flex h-flex-basis h-column__inner h-px-lg-3 h-px-md-3 h-px-2 v-inner-lg-3 v-inner-md-3 v-inner-2 style-197 style-local-40-c4 position-relative\">\n              <!---->\n              <!---->\n              <div class=\"w-100 h-y-container h-column__content h-column__v-align flex-basis-100 align-self-lg-start align-self-md-start align-self-start\">\n                <!---->\n                <div data-colibri-id=\"40-c5\" class=\"h-icon style-198 style-local-40-c5 position-relative h-element\">\n                  <!----><span class=\"h-svg-icon h-icon__icon style-198-icon style-local-40-c5-icon\"><!--Icon by Font Awesome (https:\/\/fontawesome.com)-->\n    <svg version=\"1.1\" xmlns=\"http:\/\/www.w3.org\/2000\/svg\" xmlns:xlink=\"http:\/\/www.w3.org\/1999\/xlink\" id=\"automobile\" viewBox=\"0 0 2048 1896.0833\">\n      <path d=\"M480 1088q0-66-47-113t-113-47-113 47-47 113 47 113 113 47 113-47 47-113zm36-320h1016l-89-357q-2-8-14-17.5t-21-9.5H640q-9 0-21 9.5T605 411zm1372 320q0-66-47-113t-113-47-113 47-47 113 47 113 113 47 113-47 47-113zm160-96v384q0 14-9 23t-23 9h-96v128q0 80-56 136t-136 56-136-56-56-136v-128H512v128q0 80-56 136t-136 56-136-56-56-136v-128H32q-14 0-23-9t-9-23V992q0-93 65.5-158.5T224 768h28l105-419q23-94 104-157.5T640 128h768q98 0 179 63.5T1691 349l105 419h28q93 0 158.5 65.5T2048 992z\"><\/path>\n    <\/svg><\/span><\/div>\n                <div data-colibri-id=\"40-c6\" class=\"h-global-transition-all h-heading style-199 style-local-40-c6 position-relative h-element\">\n                  <!---->\n                  <div class=\"h-heading__outer style-199 style-local-40-c6\">\n                    <!---->\n                    <!---->\n                    <h5 class=\"\">ouvert \u00e0 tous<\/h5>\n                  <\/div>\n                <\/div>\n                <div data-colibri-id=\"40-c7\" class=\"h-text h-text-component style-200 style-local-40-c7 position-relative h-element\">\n                  <!---->\n                  <!---->\n                  <div class=\"\">\n                    <p>Voiture de luxe, de prestige, youngtimers, de collection ou de tous les jours, nos prestations sont personnalis\u00e9es et s&#8217;adaptent \u00e0 vos projets.<\/p>\n                    <p>\n                      <br>\n                    <\/p>\n                    <p>\n                      <br>\n                    <\/p>\n                  <\/div>\n                <\/div>\n              <\/div>\n            <\/div>\n          <\/div>\n          <div class=\"h-column h-column-container d-flex h-col-lg-3 h-col-md-3 h-col-12 style-197-outer style-local-40-c8-outer\">\n            <div data-colibri-id=\"40-c8\" class=\"d-flex h-flex-basis h-column__inner h-px-lg-3 h-px-md-3 h-px-2 v-inner-lg-3 v-inner-md-3 v-inner-2 style-197 style-local-40-c8 position-relative\">\n              <!---->\n              <!---->\n              <div class=\"w-100 h-y-container h-column__content h-column__v-align flex-basis-100 align-self-lg-start align-self-md-start align-self-start\">\n                <!---->\n                <div data-colibri-id=\"40-c9\" class=\"h-icon style-198 style-local-40-c9 position-relative h-element\">\n                  <!----><span class=\"h-svg-icon h-icon__icon style-198-icon style-local-40-c9-icon\"><!--Icon by Font Awesome (https:\/\/fontawesome.com)-->\n    <svg version=\"1.1\" xmlns=\"http:\/\/www.w3.org\/2000\/svg\" xmlns:xlink=\"http:\/\/www.w3.org\/1999\/xlink\" id=\"map-pin\" viewBox=\"0 0 1125.6776 1896.0833\">\n      <path d=\"M512 1088q66 0 128-15v655q0 26-19 45t-45 19H448q-26 0-45-19t-19-45v-655q62 15 128 15zM512 0q212 0 362 150t150 362-150 362-362 150-362-150T0 512t150-362T512 0zm0 224q14 0 23-9t9-23-9-23-23-9q-146 0-249 103T160 512q0 14 9 23t23 9 23-9 9-23q0-119 84.5-203.5T512 224z\"><\/path>\n    <\/svg><\/span><\/div>\n                <div data-colibri-id=\"40-c10\" class=\"h-global-transition-all h-heading style-199 style-local-40-c10 position-relative h-element\">\n                  <!---->\n                  <div class=\"h-heading__outer style-199 style-local-40-c10\">\n                    <!---->\n                    <!---->\n                    <h5 class=\"\">74160<\/h5>\n                  <\/div>\n                <\/div>\n                <div data-colibri-id=\"40-c11\" class=\"h-text h-text-component style-200 style-local-40-c11 position-relative h-element\">\n                  <!---->\n                  <!---->\n                  <div class=\"\">\n                    <p>Situ\u00e9 dans le bassin genevois fran\u00e7ais, nous sommes \u00e0 proximit\u00e9 imm\u00e9diate de Gen\u00e8ve, Annemasse et Annecy.<\/p>\n                    <p>\n                      <br>\n                    <\/p>\n                  <\/div>\n                <\/div>\n              <\/div>\n            <\/div>\n          <\/div>\n          <div class=\"h-column h-column-container d-flex h-col-lg-3 h-col-md-3 h-col-12 style-197-outer style-local-40-c12-outer\">\n            <div data-colibri-id=\"40-c12\" class=\"d-flex h-flex-basis h-column__inner h-px-lg-3 h-px-md-3 h-px-2 v-inner-lg-3 v-inner-md-3 v-inner-2 style-197 style-local-40-c12 position-relative\">\n              <!---->\n              <!---->\n              <div class=\"w-100 h-y-container h-column__content h-column__v-align flex-basis-100 align-self-lg-start align-self-md-start align-self-start\">\n                <!---->\n                <div data-colibri-id=\"40-c13\" class=\"h-icon style-198 style-local-40-c13 position-relative h-element\">\n                  <!----><span class=\"h-svg-icon h-icon__icon style-198-icon style-local-40-c13-icon\"><!--Icon by Font Awesome (https:\/\/fontawesome.com)-->\n    <svg version=\"1.1\" xmlns=\"http:\/\/www.w3.org\/2000\/svg\" xmlns:xlink=\"http:\/\/www.w3.org\/1999\/xlink\" id=\"tint\" viewBox=\"0 0 1058.2744 1896.0833\">\n      <path d=\"M512 1152q0-36-20-69-1-1-15.5-22.5t-25.5-38-25-44-21-50.5q-4-16-21-16t-21 16q-7 23-21 50.5t-25 44-25.5 38T276 1083q-20 33-20 69 0 53 37.5 90.5T384 1280t90.5-37.5T512 1152zm512-128q0 212-150 362t-362 150-362-150T0 1024q0-145 81-275 6-9 62.5-90.5t101-151 99.5-178T427 128q9-30 34-47t51-17 51.5 17 33.5 47q28 93 83 201.5t99.5 178 101 151T943 749q81 127 81 275z\"><\/path>\n    <\/svg><\/span><\/div>\n                <div data-colibri-id=\"40-c14\" class=\"h-global-transition-all h-heading style-199 style-local-40-c14 position-relative h-element\">\n                  <!---->\n                  <div class=\"h-heading__outer style-199 style-local-40-c14\">\n                    <!---->\n                    <!---->\n                    <h5 class=\"\">qualit\u00e9<\/h5>\n                  <\/div>\n                <\/div>\n                <div data-colibri-id=\"40-c15\" class=\"h-text h-text-component style-200 style-local-40-c15 position-relative h-element\">\n                  <!---->\n                  <!---->\n                  <div class=\"\">\n                    <p>Notre expertise en c\u00e9ramique et notre partenariat avec des produits r\u00e9put\u00e9s, vous garantissent un r\u00e9sultat optimum sur votre v\u00e9hicule.<\/p>\n                    <p>\n                      <br>\n                    <\/p>\n                  <\/div>\n                <\/div>\n              <\/div>\n            <\/div>\n          <\/div>\n          <div class=\"h-column h-column-container d-flex h-col-lg-3 h-col-md-3 h-col-12 style-201-outer style-local-40-c16-outer\">\n            <div data-colibri-id=\"40-c16\" class=\"d-flex h-flex-basis h-column__inner h-px-lg-3 h-px-md-3 h-px-2 v-inner-lg-3 v-inner-md-3 v-inner-2 style-201 style-local-40-c16 position-relative\">\n              <!---->\n              <!---->\n              <div class=\"w-100 h-y-container h-column__content h-column__v-align flex-basis-100 align-self-lg-start align-self-md-start align-self-start\">\n                <!---->\n                <div data-colibri-id=\"40-c17\" class=\"h-icon style-198 style-local-40-c17 position-relative h-element\">\n                  <!----><span class=\"h-svg-icon h-icon__icon style-198-icon style-local-40-c17-icon\"><!--Icon by Font Awesome (https:\/\/fontawesome.com)-->\n    <svg version=\"1.1\" xmlns=\"http:\/\/www.w3.org\/2000\/svg\" xmlns:xlink=\"http:\/\/www.w3.org\/1999\/xlink\" id=\"calendar\" viewBox=\"0 0 1672.2646 1896.0833\">\n      <path d=\"M128 1664h288v-288H128v288zm352 0h320v-288H480v288zm-352-352h288V992H128v320zm352 0h320V992H480v320zM128 928h288V640H128v288zm736 736h320v-288H864v288zM480 928h320V640H480v288zm768 736h288v-288h-288v288zm-384-352h320V992H864v320zM512 448V160q0-13-9.5-22.5T480 128h-64q-13 0-22.5 9.5T384 160v288q0 13 9.5 22.5T416 480h64q13 0 22.5-9.5T512 448zm736 864h288V992h-288v320zM864 928h320V640H864v288zm384 0h288V640h-288v288zm32-480V160q0-13-9.5-22.5T1248 128h-64q-13 0-22.5 9.5T1152 160v288q0 13 9.5 22.5t22.5 9.5h64q13 0 22.5-9.5t9.5-22.5zm384-64v1280q0 52-38 90t-90 38H128q-52 0-90-38t-38-90V384q0-52 38-90t90-38h128v-96q0-66 47-113T416 0h64q66 0 113 47t47 113v96h384v-96q0-66 47-113t113-47h64q66 0 113 47t47 113v96h128q52 0 90 38t38 90z\"><\/path>\n    <\/svg><\/span><\/div>\n                <div data-colibri-id=\"40-c18\" class=\"h-global-transition-all h-heading style-199 style-local-40-c18 position-relative h-element\">\n                  <!---->\n                  <div class=\"h-heading__outer style-199 style-local-40-c18\">\n                    <!---->\n                    <!---->\n                    <h5 class=\"\">horaires<\/h5>\n                  <\/div>\n                <\/div>\n                <div data-colibri-id=\"40-c19\" class=\"h-text h-text-component style-319 style-local-40-c19 position-relative h-element\">\n                  <!---->\n                  <!---->\n                  <div class=\"\">\n                    <p>Accueil et Prestations uniquement sur rendez-vous.<\/p>\n                  <\/div>\n                <\/div>\n              <\/div>\n            <\/div>\n          <\/div>\n          <div class=\"h-column h-column-container d-flex h-col-lg-3 h-col-md-3 h-col-12 style-207-outer style-local-40-c20-outer\">\n            <div data-colibri-id=\"40-c20\" class=\"d-flex h-flex-basis h-column__inner h-ui-empty-state-container h-px-lg-2 h-px-md-2 h-px-2 v-inner-lg-2 v-inner-md-2 v-inner-2 style-207 style-local-40-c20 position-relative\">\n              <!---->\n              <!---->\n              <div class=\"w-100 h-y-container h-column__content h-column__v-align flex-basis-100\">\n                <!---->\n              <\/div>\n            <\/div>\n          <\/div>\n        <\/div>\n      <\/div>\n    <\/div>\n  <\/div>\n  <div data-colibri-component=\"section\" data-colibri-id=\"40-c21\" id=\"about\" class=\"h-section h-section-global-spacing d-flex align-items-lg-center align-items-md-center align-items-center style-249 style-local-40-c21 position-relative\">\n    <!---->\n    <!---->\n    <div class=\"h-section-grid-container h-section-boxed-container\">\n      <!---->\n      <div data-colibri-id=\"40-c22\" class=\"h-row-container gutters-row-lg-0 gutters-row-md-0 gutters-row-0 gutters-row-v-lg-0 gutters-row-v-md-0 gutters-row-v-0 style-250 style-local-40-c22 h-overflow-hidden position-relative\">\n        <!---->\n        <div class=\"h-row justify-content-lg-center justify-content-md-center justify-content-center align-items-lg-end align-items-md-end align-items-end gutters-col-lg-0 gutters-col-md-0 gutters-col-0 gutters-col-v-lg-0 gutters-col-v-md-0 gutters-col-v-0\">\n          <!---->\n          <div class=\"h-column h-column-container d-flex h-col-lg-auto h-col-md-auto h-col-auto align-self-lg-end align-self-md-end align-self-end style-251-outer style-local-40-c23-outer\">\n            <div data-colibri-id=\"40-c23\" class=\"d-flex h-flex-basis h-column__inner h-ui-empty-state-container h-px-lg-0 h-px-md-0 h-px-0 v-inner-lg-0 v-inner-md-0 v-inner-0 style-251 style-local-40-c23 position-relative\">\n              <!---->\n              <!---->\n              <div class=\"w-100 h-y-container h-column__content h-column__v-align flex-basis-100\">\n                <!---->\n              <\/div>\n            <\/div>\n          <\/div>\n          <div class=\"h-column h-column-container d-flex h-col-lg-auto h-col-md-auto h-col-auto align-self-lg-end align-self-md-end align-self-end style-252-outer style-local-40-c24-outer\">\n            <div data-colibri-id=\"40-c24\" class=\"d-flex h-flex-basis h-column__inner h-ui-empty-state-container h-px-lg-0 h-px-md-0 h-px-0 v-inner-lg-0 v-inner-md-0 v-inner-0 style-252 style-local-40-c24 position-relative\">\n              <!---->\n              <!---->\n              <div class=\"w-100 h-y-container h-column__content h-column__v-align flex-basis-100\">\n                <!---->\n              <\/div>\n            <\/div>\n          <\/div>\n          <div class=\"h-column h-column-container d-flex h-col-lg-auto h-col-md-auto h-col-auto align-self-lg-end align-self-md-end align-self-end style-253-outer style-local-40-c25-outer\">\n            <div data-colibri-id=\"40-c25\" class=\"d-flex h-flex-basis h-column__inner h-ui-empty-state-container h-px-lg-0 h-px-md-0 h-px-0 v-inner-lg-0 v-inner-md-0 v-inner-0 style-253 style-local-40-c25 position-relative\">\n              <!---->\n              <!---->\n              <div class=\"w-100 h-y-container h-column__content h-column__v-align flex-basis-100\">\n                <!---->\n              <\/div>\n            <\/div>\n          <\/div>\n        <\/div>\n      <\/div>\n    <\/div>\n  <\/div>\n<\/div>","protected":false},"excerpt":{"rendered":"<p>ouvert \u00e0 tous Voiture de luxe, de prestige, youngtimers, de collection ou de tous les jours, nos prestations sont personnalis\u00e9es et s&#8217;adaptent \u00e0 vos projets. 74160 Situ\u00e9 dans le bassin genevois fran\u00e7ais, nous sommes \u00e0 proximit\u00e9 imm\u00e9diate de Gen\u00e8ve, Annemasse et Annecy. qualit\u00e9 Notre expertise en c\u00e9ramique et notre partenariat avec des produits r\u00e9put\u00e9s, vous [&hellip;]<\/p>\n","protected":false},"author":1,"featured_media":0,"parent":0,"menu_order":0,"comment_status":"closed","ping_status":"closed","template":"page-templates\/homepage.php","meta":[],"_links":{"self":[{"href":"https:\/\/latelier301.com\/index.php\/wp-json\/wp\/v2\/pages\/40"}],"collection":[{"href":"https:\/\/latelier301.com\/index.php\/wp-json\/wp\/v2\/pages"}],"about":[{"href":"https:\/\/latelier301.com\/index.php\/wp-json\/wp\/v2\/types\/page"}],"author":[{"embeddable":true,"href":"https:\/\/latelier301.com\/index.php\/wp-json\/wp\/v2\/users\/1"}],"replies":[{"embeddable":true,"href":"https:\/\/latelier301.com\/index.php\/wp-json\/wp\/v2\/comments?post=40"}],"version-history":[{"count":20,"href":"https:\/\/latelier301.com\/index.php\/wp-json\/wp\/v2\/pages\/40\/revisions"}],"predecessor-version":[{"id":989,"href":"https:\/\/latelier301.com\/index.php\/wp-json\/wp\/v2\/pages\/40\/revisions\/989"}],"wp:attachment":[{"href":"https:\/\/latelier301.com\/index.php\/wp-json\/wp\/v2\/media?parent=40"}],"curies":[{"name":"wp","href":"https:\/\/api.w.org\/{rel}","templated":true}]}}