{"id":870,"date":"2023-02-08T19:05:08","date_gmt":"2023-02-08T18:05:08","guid":{"rendered":"http:\/\/latelier301.com\/?page_id=870"},"modified":"2023-02-08T20:15:34","modified_gmt":"2023-02-08T19:15:34","slug":"entretien","status":"publish","type":"page","link":"https:\/\/latelier301.com\/index.php\/nosprestations\/entretien\/","title":{"rendered":"Entretien"},"content":{"rendered":"<div data-colibri-id=\"870-c1\" class=\"style-825 style-local-870-c1 position-relative\">\n  <!---->\n  <div data-colibri-component=\"section\" data-colibri-id=\"870-c38\" id=\"features\" class=\"h-section h-section-global-spacing d-flex align-items-lg-center align-items-md-center align-items-center style-846 style-local-870-c38 position-relative\">\n    <!---->\n    <!---->\n    <div class=\"h-section-grid-container h-section-boxed-container\">\n      <div data-colibri-id=\"870-c64\" class=\"h-row-container gutters-row-lg-2 gutters-row-md-2 gutters-row-0 gutters-row-v-lg-2 gutters-row-v-md-2 gutters-row-v-2 style-854 style-local-870-c64 position-relative\">\n        <!---->\n        <div class=\"h-row justify-content-lg-center justify-content-md-center justify-content-center align-items-lg-stretch align-items-md-stretch align-items-stretch gutters-col-lg-2 gutters-col-md-2 gutters-col-0 gutters-col-v-lg-2 gutters-col-v-md-2 gutters-col-v-2\">\n          <!---->\n          <div class=\"h-column h-column-container d-flex h-col-lg-auto h-col-md-auto h-col-auto style-855-outer style-local-870-c65-outer\">\n            <div data-colibri-id=\"870-c65\" class=\"d-flex h-flex-basis h-column__inner h-px-lg-2 h-px-md-2 h-px-2 v-inner-lg-2 v-inner-md-2 v-inner-2 style-855 style-local-870-c65 position-relative\">\n              <!---->\n              <!---->\n              <div class=\"w-100 h-y-container h-column__content h-column__v-align flex-basis-100 align-self-lg-start align-self-md-start align-self-start\">\n                <!---->\n                <div data-colibri-id=\"870-c66\" class=\"h-global-transition-all h-heading style-856 style-local-870-c66 position-relative h-element\">\n                  <!---->\n                  <div class=\"h-heading__outer style-856 style-local-870-c66\">\n                    <!---->\n                    <!---->\n                    <h2 class=\"\">La qualit\u00e9 au quotidien<\/h2>\n                  <\/div>\n                <\/div>\n                <div data-colibri-id=\"870-c67\" class=\"h-lead h-text h-text-component style-857 style-local-870-c67 position-relative h-element\">\n                  <!---->\n                  <!---->\n                  <div class=\"\">\n                    <p><span style=\"color: rgb(102, 102, 102); font-family: &quot;Open Sans&quot;; font-size: 16px; font-weight: 300;\">Nos solutions d&#8217;ENTRETIEN permettent de bichonner vos voitures de fa\u00e7on r\u00e9guli\u00e8re tout en profitant des techniques et savoir faire du detailing.<\/span>\n                      <br>\n                      <br><span style=\"color: rgb(102, 102, 102); font-family: &quot;Open Sans&quot;; font-size: 16px; font-weight: 300;\">3 solutions s&#8217;offrent \u00e0 vous en fonction du d\u00e9lai entre deux entretiens. Toutefois, la prestation reste identique :<\/span>\n                      <br>\n                      <br><span style=\"color: rgb(102, 102, 102); font-family: &quot;Open Sans&quot;; font-size: 16px; font-weight: 300;\">&#8211; Pr\u00e9lavage<\/span>\n                      <br><span style=\"color: rgb(102, 102, 102); font-family: &quot;Open Sans&quot;; font-size: 16px; font-weight: 300;\">&#8211; Nettoyage jantes et pneus<\/span>\n                      <br><span style=\"color: rgb(102, 102, 102); font-family: &quot;Open Sans&quot;; font-size: 16px; font-weight: 300;\">&#8211; Shampouinage manuel<\/span>\n                      <br><span style=\"color: rgb(102, 102, 102); font-family: &quot;Open Sans&quot;; font-size: 16px; font-weight: 300;\">&#8211; Application d&#8217;une protection hydrophobe<\/span>\n                      <br><span style=\"color: rgb(102, 102, 102); font-family: &quot;Open Sans&quot;; font-size: 16px; font-weight: 300;\">&#8211; S\u00e9chage \u00e0 la microfibre<\/span><\/p>\n                  <\/div>\n                <\/div>\n              <\/div>\n            <\/div>\n          <\/div>\n        <\/div>\n      <\/div>\n      <div data-colibri-id=\"870-c39\" class=\"h-row-container gutters-row-lg-2 gutters-row-md-2 gutters-row-2 gutters-row-v-lg-2 gutters-row-v-md-2 gutters-row-v-2 style-847 style-local-870-c39 position-relative\">\n        <!---->\n        <div class=\"h-row justify-content-lg-center justify-content-md-center justify-content-center align-items-lg-stretch align-items-md-stretch align-items-stretch gutters-col-lg-2 gutters-col-md-2 gutters-col-2 gutters-col-v-lg-2 gutters-col-v-md-2 gutters-col-v-2\">\n          <!---->\n          <div class=\"h-column h-column-container d-flex h-col-lg-4 h-col-md-6 h-col-12 style-848-outer style-local-870-c40-outer\">\n            <div data-colibri-id=\"870-c40\" class=\"d-flex h-flex-basis h-column__inner h-px-lg-3 h-px-md-3 h-px-2 v-inner-lg-3 v-inner-md-3 v-inner-2 style-848 style-local-870-c40 position-relative\">\n              <!---->\n              <!---->\n              <div class=\"w-100 h-y-container h-column__content h-column__v-align flex-basis-100 align-self-lg-center align-self-md-center align-self-center\">\n                <!---->\n                <div data-colibri-id=\"870-c41\" class=\"h-icon style-849 style-local-870-c41 position-relative h-element\">\n                  <!----><span class=\"h-svg-icon h-icon__icon style-849-icon style-local-870-c41-icon\"><!--Icon by Icons8 Line Awesome (https:\/\/icons8.com\/line-awesome)--><svg version=\"1.1\" xmlns=\"http:\/\/www.w3.org\/2000\/svg\" xmlns:xlink=\"http:\/\/www.w3.org\/1999\/xlink\" id=\"arrow-circle-o-down\" viewBox=\"0 0 512 545.5\"><path d=\"M256 80c114.686 0 208 93.314 208 208s-93.314 208-208 208S48 402.686 48 288 141.314 80 256 80zm0 32c-97.392 0-176 78.608-176 176s78.608 176 176 176 176-78.608 176-176-78.608-176-176-176zm-16 64h32v164.5l64-64 22.5 23-91 91L256 402l-11.5-11.5-91-91 22.5-23 64 64V176z\"><\/path><\/svg><\/span><\/div>\n                <div\n                  data-colibri-id=\"870-c42\" class=\"h-global-transition-all h-heading style-850 style-local-870-c42 position-relative h-element\">\n                  <!---->\n                  <div class=\"h-heading__outer style-850 style-local-870-c42\">\n                    <!---->\n                    <!---->\n                    <h4 class=\"\">daytona<\/h4>\n                  <\/div>\n              <\/div>\n              <div data-colibri-id=\"870-c43\" class=\"h-text h-text-component style-851 style-local-870-c43 position-relative h-element\">\n                <!---->\n                <!---->\n                <div class=\"\">\n                  <p>Prestation destin\u00e9e aux v\u00e9hicules qui ont roul\u00e9 moins de 1&#8217;000 kms ou si le d\u00e9lai entre deux entretiens est de moins de 2 mois.<\/p>\n                <\/div>\n              <\/div>\n              <div data-colibri-id=\"870-c44\" class=\"h-x-container style-852 style-local-870-c44 position-relative h-element\">\n                <!---->\n                <div class=\"h-x-container-inner style-dynamic-870-c44-group style-852-spacing style-local-870-c44-spacing\"><span class=\"h-button__outer style-853-outer style-local-870-c45-outer d-inline-flex h-element\"><a h-use-smooth-scroll=\"true\" href=\"\"  data-colibri-id=\"870-c45\" class=\"d-flex w-100 align-items-center h-button justify-content-lg-center justify-content-md-center justify-content-center style-853 style-local-870-c45 position-relative\"><!----><!----> <span>\u00e0 partir de 100\u20ac<\/span><\/a>\n                  <\/span>\n                <\/div>\n              <\/div>\n            <\/div>\n          <\/div>\n        <\/div>\n        <div class=\"h-column h-column-container d-flex h-col-lg-4 h-col-md-6 h-col-12 style-848-outer style-local-870-c46-outer\">\n          <div data-colibri-id=\"870-c46\" class=\"d-flex h-flex-basis h-column__inner h-px-lg-3 h-px-md-3 h-px-2 v-inner-lg-3 v-inner-md-3 v-inner-2 style-848 style-local-870-c46 position-relative\">\n            <!---->\n            <!---->\n            <div class=\"w-100 h-y-container h-column__content h-column__v-align flex-basis-100 align-self-lg-center align-self-md-center align-self-center\">\n              <!---->\n              <div data-colibri-id=\"870-c47\" class=\"h-icon style-849 style-local-870-c47 position-relative h-element\">\n                <!----><span class=\"h-svg-icon h-icon__icon style-849-icon style-local-870-c47-icon\"><!--Icon by Icons8 Line Awesome (https:\/\/icons8.com\/line-awesome)--><svg version=\"1.1\" xmlns=\"http:\/\/www.w3.org\/2000\/svg\" xmlns:xlink=\"http:\/\/www.w3.org\/1999\/xlink\" id=\"arrow-circle-o-down\" viewBox=\"0 0 512 545.5\"><path d=\"M256 80c114.686 0 208 93.314 208 208s-93.314 208-208 208S48 402.686 48 288 141.314 80 256 80zm0 32c-97.392 0-176 78.608-176 176s78.608 176 176 176 176-78.608 176-176-78.608-176-176-176zm-16 64h32v164.5l64-64 22.5 23-91 91L256 402l-11.5-11.5-91-91 22.5-23 64 64V176z\"><\/path><\/svg><\/span><\/div>\n              <div\n                data-colibri-id=\"870-c48\" class=\"h-global-transition-all h-heading style-850 style-local-870-c48 position-relative h-element\">\n                <!---->\n                <div class=\"h-heading__outer style-850 style-local-870-c48\">\n                  <!---->\n                  <!---->\n                  <h4 class=\"\">monza<\/h4>\n                <\/div>\n            <\/div>\n            <div data-colibri-id=\"870-c49\" class=\"h-text h-text-component style-851 style-local-870-c49 position-relative h-element\">\n              <!---->\n              <!---->\n              <div class=\"\">\n                <p><span style=\"font-weight: 400; font-size: 16px; font-family: &quot;Open Sans&quot;; color: rgb(153, 153, 153);\">Prestation destin\u00e9e aux v\u00e9hicules qui ont roul\u00e9 moins de 5&#8217;000 kms ou si le d\u00e9lai entre deux entretiens est de moins de 6 mois.<\/span><\/p>\n              <\/div>\n            <\/div>\n            <div data-colibri-id=\"870-c50\" class=\"h-x-container style-852 style-local-870-c50 position-relative h-element\">\n              <!---->\n              <div class=\"h-x-container-inner style-dynamic-870-c50-group style-852-spacing style-local-870-c50-spacing\"><span class=\"h-button__outer style-853-outer style-local-870-c51-outer d-inline-flex h-element\"><a h-use-smooth-scroll=\"true\" href=\"\"  data-colibri-id=\"870-c51\" class=\"d-flex w-100 align-items-center h-button justify-content-lg-center justify-content-md-center justify-content-center style-853 style-local-870-c51 position-relative\"><!----><!----> <span>\u00e0 partir de 200\u20ac<\/span><\/a>\n                <\/span>\n              <\/div>\n            <\/div>\n          <\/div>\n        <\/div>\n      <\/div>\n      <div class=\"h-column h-column-container d-flex h-col-lg-4 h-col-md-6 h-col-12 style-848-outer style-local-870-c52-outer\">\n        <div data-colibri-id=\"870-c52\" class=\"d-flex h-flex-basis h-column__inner h-px-lg-3 h-px-md-3 h-px-2 v-inner-lg-3 v-inner-md-3 v-inner-2 style-848 style-local-870-c52 position-relative\">\n          <!---->\n          <!---->\n          <div class=\"w-100 h-y-container h-column__content h-column__v-align flex-basis-100 align-self-lg-center align-self-md-center align-self-center\">\n            <!---->\n            <div data-colibri-id=\"870-c53\" class=\"h-icon style-849 style-local-870-c53 position-relative h-element\">\n              <!----><span class=\"h-svg-icon h-icon__icon style-849-icon style-local-870-c53-icon\"><!--Icon by Icons8 Line Awesome (https:\/\/icons8.com\/line-awesome)--><svg version=\"1.1\" xmlns=\"http:\/\/www.w3.org\/2000\/svg\" xmlns:xlink=\"http:\/\/www.w3.org\/1999\/xlink\" id=\"arrow-circle-o-down\" viewBox=\"0 0 512 545.5\"><path d=\"M256 80c114.686 0 208 93.314 208 208s-93.314 208-208 208S48 402.686 48 288 141.314 80 256 80zm0 32c-97.392 0-176 78.608-176 176s78.608 176 176 176 176-78.608 176-176-78.608-176-176-176zm-16 64h32v164.5l64-64 22.5 23-91 91L256 402l-11.5-11.5-91-91 22.5-23 64 64V176z\"><\/path><\/svg><\/span><\/div>\n            <div\n              data-colibri-id=\"870-c54\" class=\"h-global-transition-all h-heading style-850 style-local-870-c54 position-relative h-element\">\n              <!---->\n              <div class=\"h-heading__outer style-850 style-local-870-c54\">\n                <!---->\n                <!---->\n                <h4 class=\"\">le mans<\/h4>\n              <\/div>\n          <\/div>\n          <div data-colibri-id=\"870-c55\" class=\"h-text h-text-component style-851 style-local-870-c55 position-relative h-element\">\n            <!---->\n            <!---->\n            <div class=\"\">\n              <p><span style=\"font-weight: 400; font-size: 16px; font-family: &quot;Open Sans&quot;; color: rgb(153, 153, 153);\">Prestation destin\u00e9e aux v\u00e9hicules qui ont roul\u00e9 moins de 10&#8217;000 kms ou si le d\u00e9lai entre deux entretiens est de moins de 1 an.<\/span><\/p>\n            <\/div>\n          <\/div>\n          <div data-colibri-id=\"870-c56\" class=\"h-x-container style-852 style-local-870-c56 position-relative h-element\">\n            <!---->\n            <div class=\"h-x-container-inner style-dynamic-870-c56-group style-852-spacing style-local-870-c56-spacing\"><span class=\"h-button__outer style-853-outer style-local-870-c57-outer d-inline-flex h-element\"><a h-use-smooth-scroll=\"true\" href=\"\"  data-colibri-id=\"870-c57\" class=\"d-flex w-100 align-items-center h-button justify-content-lg-center justify-content-md-center justify-content-center style-853 style-local-870-c57 position-relative\"><!----><!----> <span>\u00e0 partir de 400\u20ac<\/span><\/a>\n              <\/span>\n            <\/div>\n          <\/div>\n        <\/div>\n      <\/div>\n    <\/div>\n  <\/div>\n<\/div>\n<div data-colibri-id=\"870-c71\" class=\"h-row-container gutters-row-lg-2 gutters-row-md-2 gutters-row-0 gutters-row-v-lg-2 gutters-row-v-md-2 gutters-row-v-2 style-861 style-local-870-c71 position-relative\">\n  <!---->\n  <div class=\"h-row justify-content-lg-center justify-content-md-center justify-content-center align-items-lg-stretch align-items-md-stretch align-items-stretch gutters-col-lg-2 gutters-col-md-2 gutters-col-0 gutters-col-v-lg-2 gutters-col-v-md-2 gutters-col-v-2\">\n    <!---->\n    <div class=\"h-column h-column-container d-flex h-col-lg-auto h-col-md-auto h-col-auto style-862-outer style-local-870-c72-outer\">\n      <div data-colibri-id=\"870-c72\" class=\"d-flex h-flex-basis h-column__inner h-px-lg-2 h-px-md-2 h-px-2 v-inner-lg-2 v-inner-md-2 v-inner-2 style-862 style-local-870-c72 position-relative\">\n        <!---->\n        <!---->\n        <div class=\"w-100 h-y-container h-column__content h-column__v-align flex-basis-100 align-self-lg-start align-self-md-start align-self-start\">\n          <!---->\n          <div data-colibri-id=\"870-c73\" class=\"h-x-container style-863 style-local-870-c73 position-relative h-element\">\n            <!---->\n            <div class=\"h-x-container-inner style-dynamic-870-c73-group style-863-spacing style-local-870-c73-spacing\"><span class=\"h-button__outer style-864-outer style-local-870-c74-outer d-inline-flex h-element\"><a h-use-smooth-scroll=\"true\" href=\"http:\/\/latelier301.com\/index.php\/contact\/\"  data-colibri-id=\"870-c74\" class=\"d-flex w-100 align-items-center h-button justify-content-lg-center justify-content-md-center justify-content-center style-864 style-local-870-c74 position-relative\"><!----><!----> <span>r\u00e9servez votre entretien<\/span><\/a>\n              <\/span>\n            <\/div>\n          <\/div>\n        <\/div>\n      <\/div>\n    <\/div>\n  <\/div>\n<\/div>\n<div data-colibri-id=\"870-c68\" class=\"h-row-container gutters-row-lg-2 gutters-row-md-2 gutters-row-0 gutters-row-v-lg-2 gutters-row-v-md-2 gutters-row-v-2 style-858 style-local-870-c68 position-relative\">\n  <!---->\n  <div class=\"h-row justify-content-lg-center justify-content-md-center justify-content-center align-items-lg-stretch align-items-md-stretch align-items-stretch gutters-col-lg-2 gutters-col-md-2 gutters-col-0 gutters-col-v-lg-2 gutters-col-v-md-2 gutters-col-v-2\">\n    <!---->\n    <div class=\"h-column h-column-container d-flex h-col-lg-auto h-col-md-auto h-col-auto style-859-outer style-local-870-c69-outer\">\n      <div data-colibri-id=\"870-c69\" class=\"d-flex h-flex-basis h-column__inner h-px-lg-2 h-px-md-2 h-px-2 v-inner-lg-2 v-inner-md-2 v-inner-2 style-859 style-local-870-c69 position-relative\">\n        <!---->\n        <!---->\n        <div class=\"w-100 h-y-container h-column__content h-column__v-align flex-basis-100 align-self-lg-start align-self-md-start align-self-start\">\n          <!---->\n          <div data-colibri-id=\"870-c75\" class=\"d-block style-865 style-local-870-c75 position-relative h-element\">\n            <!---->\n            <div class=\"h-image__frame-container-outer\">\n              <div class=\"h-image__frame-container\">\n                <!---->\n                <!---->\n                <img loading=\"lazy\" width=\"1200\" height=\"860\" src=\"http:\/\/latelier301.com\/wp-content\/uploads\/2023\/02\/7d04b3fd-cf84-40d6-b8ad-97d6a36067a8-e1675883460873.jpg\" class=\"wp-image-880 style-865-image style-local-870-c75-image\" srcset=\"https:\/\/latelier301.com\/wp-content\/uploads\/2023\/02\/7d04b3fd-cf84-40d6-b8ad-97d6a36067a8-e1675883460873.jpg 1200w, https:\/\/latelier301.com\/wp-content\/uploads\/2023\/02\/7d04b3fd-cf84-40d6-b8ad-97d6a36067a8-e1675883460873-300x215.jpg 300w, https:\/\/latelier301.com\/wp-content\/uploads\/2023\/02\/7d04b3fd-cf84-40d6-b8ad-97d6a36067a8-e1675883460873-1024x734.jpg 1024w, https:\/\/latelier301.com\/wp-content\/uploads\/2023\/02\/7d04b3fd-cf84-40d6-b8ad-97d6a36067a8-e1675883460873-768x550.jpg 768w\" sizes=\"(max-width: 1200px) 100vw, 1200px\" alt=\"\" \/>\n                <div class=\"h-image__frame h-hide-lg h-hide-md h-hide-sm style-865-frameImage style-local-870-c75-frameImage\"><\/div>\n              <\/div>\n            <\/div>\n          <\/div>\n        <\/div>\n      <\/div>\n    <\/div>\n  <\/div>\n<\/div>\n<\/div>\n<\/div>\n<\/div>","protected":false},"excerpt":{"rendered":"<p>La qualit\u00e9 au quotidien Nos solutions d&#8217;ENTRETIEN permettent de bichonner vos voitures de fa\u00e7on r\u00e9guli\u00e8re tout en profitant des techniques et savoir faire du detailing. 3 solutions s&#8217;offrent \u00e0 vous en fonction du d\u00e9lai entre deux entretiens. Toutefois, la prestation reste identique : &#8211; Pr\u00e9lavage &#8211; Nettoyage jantes et pneus &#8211; Shampouinage manuel &#8211; Application [&hellip;]<\/p>\n","protected":false},"author":1,"featured_media":0,"parent":696,"menu_order":0,"comment_status":"closed","ping_status":"closed","template":"page-templates\/full-width-page.php","meta":[],"_links":{"self":[{"href":"https:\/\/latelier301.com\/index.php\/wp-json\/wp\/v2\/pages\/870"}],"collection":[{"href":"https:\/\/latelier301.com\/index.php\/wp-json\/wp\/v2\/pages"}],"about":[{"href":"https:\/\/latelier301.com\/index.php\/wp-json\/wp\/v2\/types\/page"}],"author":[{"embeddable":true,"href":"https:\/\/latelier301.com\/index.php\/wp-json\/wp\/v2\/users\/1"}],"replies":[{"embeddable":true,"href":"https:\/\/latelier301.com\/index.php\/wp-json\/wp\/v2\/comments?post=870"}],"version-history":[{"count":5,"href":"https:\/\/latelier301.com\/index.php\/wp-json\/wp\/v2\/pages\/870\/revisions"}],"predecessor-version":[{"id":898,"href":"https:\/\/latelier301.com\/index.php\/wp-json\/wp\/v2\/pages\/870\/revisions\/898"}],"up":[{"embeddable":true,"href":"https:\/\/latelier301.com\/index.php\/wp-json\/wp\/v2\/pages\/696"}],"wp:attachment":[{"href":"https:\/\/latelier301.com\/index.php\/wp-json\/wp\/v2\/media?parent=870"}],"curies":[{"name":"wp","href":"https:\/\/api.w.org\/{rel}","templated":true}]}}